{"id":4051,"date":"2026-01-27T13:44:17","date_gmt":"2026-01-27T12:44:17","guid":{"rendered":"https:\/\/dragonweed.hu\/?page_id=4051"},"modified":"2026-01-27T22:05:39","modified_gmt":"2026-01-27T21:05:39","slug":"diy-nullatol-100-ig","status":"publish","type":"page","link":"https:\/\/dragonweed.hu\/?page_id=4051","title":{"rendered":"DIY null\u00e1t\u00f3l 100-ig"},"content":{"rendered":"<p>Itt lehet majd megosztani &#8211; aj\u00e1nlani k\u00fcl\u00f6nb\u00f6z\u0151 fokozat\u00fa, h\u00e1zilag elk\u00e9sz\u00edthet\u0151 &#8222;hang\u00fcgyi&#8221; projekteket. Azt k\u00e9rem, hogy aki erre v\u00e1llalkozik (rajtam k\u00edv\u00fcl persze\u00a0 \ud83d\ude09\u00a0 ) az mell\u00e9keljen fot\u00f3kat, kapcsol\u00e1si rajzot, illetve le\u00edr\u00e1st az \u00e9p\u00edt\u00e9s folyamat\u00e1r\u00f3l -legal\u00e1bbis nagy vonalakban&#8230;<\/p>\n","protected":false},"excerpt":{"rendered":"<p>Itt lehet majd megosztani &#8211; aj\u00e1nlani k\u00fcl\u00f6nb\u00f6z\u0151 fokozat\u00fa, h\u00e1zilag elk\u00e9sz\u00edthet\u0151 &#8222;hang\u00fcgyi&#8221; projekteket. Azt k\u00e9rem, hogy aki erre v\u00e1llalkozik (rajtam k\u00edv\u00fcl persze\u00a0 \ud83d\ude09\u00a0 ) az mell\u00e9keljen fot\u00f3kat, kapcsol\u00e1si rajzot, illetve le\u00edr\u00e1st az \u00e9p\u00edt\u00e9s folyamat\u00e1r\u00f3l -legal\u00e1bbis nagy vonalakban&#8230;<\/p>\n","protected":false},"author":1,"featured_media":0,"parent":0,"menu_order":0,"comment_status":"open","ping_status":"closed","template":"","meta":{"footnotes":""},"class_list":["post-4051","page","type-page","status-publish","hentry"],"yoast_head":"<!-- This site is optimized with the Yoast SEO plugin v26.8 - https:\/\/yoast.com\/product\/yoast-seo-wordpress\/ -->\n<title>DIY null\u00e1t\u00f3l 100-ig - Dragonweed<\/title>\n<meta name=\"robots\" content=\"index, follow, max-snippet:-1, max-image-preview:large, max-video-preview:-1\" \/>\n<link rel=\"canonical\" href=\"https:\/\/dragonweed.hu\/?page_id=4051\" \/>\n<meta property=\"og:locale\" content=\"hu_HU\" \/>\n<meta property=\"og:type\" content=\"article\" \/>\n<meta property=\"og:title\" content=\"DIY null\u00e1t\u00f3l 100-ig - Dragonweed\" \/>\n<meta property=\"og:description\" content=\"Itt lehet majd megosztani &#8211; aj\u00e1nlani k\u00fcl\u00f6nb\u00f6z\u0151 fokozat\u00fa, h\u00e1zilag elk\u00e9sz\u00edthet\u0151 &#8222;hang\u00fcgyi&#8221; projekteket. Azt k\u00e9rem, hogy aki erre v\u00e1llalkozik (rajtam k\u00edv\u00fcl persze\u00a0 \ud83d\ude09\u00a0 ) az mell\u00e9keljen fot\u00f3kat, kapcsol\u00e1si rajzot, illetve le\u00edr\u00e1st az \u00e9p\u00edt\u00e9s folyamat\u00e1r\u00f3l -legal\u00e1bbis nagy vonalakban&#8230;\" \/>\n<meta property=\"og:url\" content=\"https:\/\/dragonweed.hu\/?page_id=4051\" \/>\n<meta property=\"og:site_name\" content=\"Dragonweed\" \/>\n<meta property=\"article:modified_time\" content=\"2026-01-27T21:05:39+00:00\" \/>\n<meta name=\"twitter:card\" content=\"summary_large_image\" \/>\n<meta name=\"twitter:label1\" content=\"Becs\u00fclt olvas\u00e1si id\u0151\" \/>\n\t<meta name=\"twitter:data1\" content=\"1 perc\" \/>\n<script type=\"application\/ld+json\" class=\"yoast-schema-graph\">{\"@context\":\"https:\/\/schema.org\",\"@graph\":[{\"@type\":\"WebPage\",\"@id\":\"https:\/\/dragonweed.hu\/?page_id=4051\",\"url\":\"https:\/\/dragonweed.hu\/?page_id=4051\",\"name\":\"DIY null\u00e1t\u00f3l 100-ig - Dragonweed\",\"isPartOf\":{\"@id\":\"https:\/\/dragonweed.hu\/#website\"},\"datePublished\":\"2026-01-27T12:44:17+00:00\",\"dateModified\":\"2026-01-27T21:05:39+00:00\",\"breadcrumb\":{\"@id\":\"https:\/\/dragonweed.hu\/?page_id=4051#breadcrumb\"},\"inLanguage\":\"hu\",\"potentialAction\":[{\"@type\":\"ReadAction\",\"target\":[\"https:\/\/dragonweed.hu\/?page_id=4051\"]}]},{\"@type\":\"BreadcrumbList\",\"@id\":\"https:\/\/dragonweed.hu\/?page_id=4051#breadcrumb\",\"itemListElement\":[{\"@type\":\"ListItem\",\"position\":1,\"name\":\"Kezd\u0151lap\",\"item\":\"https:\/\/dragonweed.hu\/\"},{\"@type\":\"ListItem\",\"position\":2,\"name\":\"DIY null\u00e1t\u00f3l 100-ig\"}]},{\"@type\":\"WebSite\",\"@id\":\"https:\/\/dragonweed.hu\/#website\",\"url\":\"https:\/\/dragonweed.hu\/\",\"name\":\"Dragonweed\",\"description\":\"Hangosan gondolkodva\",\"publisher\":{\"@id\":\"https:\/\/dragonweed.hu\/#organization\"},\"potentialAction\":[{\"@type\":\"SearchAction\",\"target\":{\"@type\":\"EntryPoint\",\"urlTemplate\":\"https:\/\/dragonweed.hu\/?s={search_term_string}\"},\"query-input\":{\"@type\":\"PropertyValueSpecification\",\"valueRequired\":true,\"valueName\":\"search_term_string\"}}],\"inLanguage\":\"hu\"},{\"@type\":\"Organization\",\"@id\":\"https:\/\/dragonweed.hu\/#organization\",\"name\":\"Dragonweed\",\"url\":\"https:\/\/dragonweed.hu\/\",\"logo\":{\"@type\":\"ImageObject\",\"inLanguage\":\"hu\",\"@id\":\"https:\/\/dragonweed.hu\/#\/schema\/logo\/image\/\",\"url\":\"https:\/\/dragonweed.hu\/wp-content\/uploads\/2020\/04\/dragonweed-logo.png\",\"contentUrl\":\"https:\/\/dragonweed.hu\/wp-content\/uploads\/2020\/04\/dragonweed-logo.png\",\"width\":1164,\"height\":376,\"caption\":\"Dragonweed\"},\"image\":{\"@id\":\"https:\/\/dragonweed.hu\/#\/schema\/logo\/image\/\"}}]}<\/script>\n<!-- \/ Yoast SEO plugin. -->","yoast_head_json":{"title":"DIY null\u00e1t\u00f3l 100-ig - Dragonweed","robots":{"index":"index","follow":"follow","max-snippet":"max-snippet:-1","max-image-preview":"max-image-preview:large","max-video-preview":"max-video-preview:-1"},"canonical":"https:\/\/dragonweed.hu\/?page_id=4051","og_locale":"hu_HU","og_type":"article","og_title":"DIY null\u00e1t\u00f3l 100-ig - Dragonweed","og_description":"Itt lehet majd megosztani &#8211; aj\u00e1nlani k\u00fcl\u00f6nb\u00f6z\u0151 fokozat\u00fa, h\u00e1zilag elk\u00e9sz\u00edthet\u0151 &#8222;hang\u00fcgyi&#8221; projekteket. Azt k\u00e9rem, hogy aki erre v\u00e1llalkozik (rajtam k\u00edv\u00fcl persze\u00a0 \ud83d\ude09\u00a0 ) az mell\u00e9keljen fot\u00f3kat, kapcsol\u00e1si rajzot, illetve le\u00edr\u00e1st az \u00e9p\u00edt\u00e9s folyamat\u00e1r\u00f3l -legal\u00e1bbis nagy vonalakban&#8230;","og_url":"https:\/\/dragonweed.hu\/?page_id=4051","og_site_name":"Dragonweed","article_modified_time":"2026-01-27T21:05:39+00:00","twitter_card":"summary_large_image","twitter_misc":{"Becs\u00fclt olvas\u00e1si id\u0151":"1 perc"},"schema":{"@context":"https:\/\/schema.org","@graph":[{"@type":"WebPage","@id":"https:\/\/dragonweed.hu\/?page_id=4051","url":"https:\/\/dragonweed.hu\/?page_id=4051","name":"DIY null\u00e1t\u00f3l 100-ig - Dragonweed","isPartOf":{"@id":"https:\/\/dragonweed.hu\/#website"},"datePublished":"2026-01-27T12:44:17+00:00","dateModified":"2026-01-27T21:05:39+00:00","breadcrumb":{"@id":"https:\/\/dragonweed.hu\/?page_id=4051#breadcrumb"},"inLanguage":"hu","potentialAction":[{"@type":"ReadAction","target":["https:\/\/dragonweed.hu\/?page_id=4051"]}]},{"@type":"BreadcrumbList","@id":"https:\/\/dragonweed.hu\/?page_id=4051#breadcrumb","itemListElement":[{"@type":"ListItem","position":1,"name":"Kezd\u0151lap","item":"https:\/\/dragonweed.hu\/"},{"@type":"ListItem","position":2,"name":"DIY null\u00e1t\u00f3l 100-ig"}]},{"@type":"WebSite","@id":"https:\/\/dragonweed.hu\/#website","url":"https:\/\/dragonweed.hu\/","name":"Dragonweed","description":"Hangosan gondolkodva","publisher":{"@id":"https:\/\/dragonweed.hu\/#organization"},"potentialAction":[{"@type":"SearchAction","target":{"@type":"EntryPoint","urlTemplate":"https:\/\/dragonweed.hu\/?s={search_term_string}"},"query-input":{"@type":"PropertyValueSpecification","valueRequired":true,"valueName":"search_term_string"}}],"inLanguage":"hu"},{"@type":"Organization","@id":"https:\/\/dragonweed.hu\/#organization","name":"Dragonweed","url":"https:\/\/dragonweed.hu\/","logo":{"@type":"ImageObject","inLanguage":"hu","@id":"https:\/\/dragonweed.hu\/#\/schema\/logo\/image\/","url":"https:\/\/dragonweed.hu\/wp-content\/uploads\/2020\/04\/dragonweed-logo.png","contentUrl":"https:\/\/dragonweed.hu\/wp-content\/uploads\/2020\/04\/dragonweed-logo.png","width":1164,"height":376,"caption":"Dragonweed"},"image":{"@id":"https:\/\/dragonweed.hu\/#\/schema\/logo\/image\/"}}]}},"_links":{"self":[{"href":"https:\/\/dragonweed.hu\/index.php?rest_route=\/wp\/v2\/pages\/4051","targetHints":{"allow":["GET"]}}],"collection":[{"href":"https:\/\/dragonweed.hu\/index.php?rest_route=\/wp\/v2\/pages"}],"about":[{"href":"https:\/\/dragonweed.hu\/index.php?rest_route=\/wp\/v2\/types\/page"}],"author":[{"embeddable":true,"href":"https:\/\/dragonweed.hu\/index.php?rest_route=\/wp\/v2\/users\/1"}],"replies":[{"embeddable":true,"href":"https:\/\/dragonweed.hu\/index.php?rest_route=%2Fwp%2Fv2%2Fcomments&post=4051"}],"version-history":[{"count":3,"href":"https:\/\/dragonweed.hu\/index.php?rest_route=\/wp\/v2\/pages\/4051\/revisions"}],"predecessor-version":[{"id":4055,"href":"https:\/\/dragonweed.hu\/index.php?rest_route=\/wp\/v2\/pages\/4051\/revisions\/4055"}],"wp:attachment":[{"href":"https:\/\/dragonweed.hu\/index.php?rest_route=%2Fwp%2Fv2%2Fmedia&parent=4051"}],"curies":[{"name":"wp","href":"https:\/\/api.w.org\/{rel}","templated":true}]}}