{"id":290,"date":"2021-03-18T18:31:45","date_gmt":"2021-03-18T17:31:45","guid":{"rendered":"http:\/\/dragonweed.hu\/?page_id=290"},"modified":"2026-01-27T13:32:43","modified_gmt":"2026-01-27T12:32:43","slug":"zsibogo","status":"publish","type":"page","link":"https:\/\/dragonweed.hu\/?page_id=290","title":{"rendered":"Zsibog\u00f3"},"content":{"rendered":"<p>J\u00f3 Debrecenik\u00e9nt elnevezve, ezen a fel\u00fcleten lehet -a le\u00edrt felt\u00e9telek mellett- hangtechnikai holmikat elad\u00e1sra, cser\u00e9re hirdetni, keresni.<\/p>\n<p>K\u00e9rek mindenkit, csak olyan term\u00e9ket hirdessen vagy keressen aminek legal\u00e1bbis k\u00f6ze van a hobbinkhoz (pro audio-t, sz\u00e1m\u00edt\u00e1stechnik\u00e1t, telefont,\u00a0 TV-t, benzines f\u0171ny\u00edr\u00f3t NEM!!)<\/p>\n","protected":false},"excerpt":{"rendered":"<p>J\u00f3 Debrecenik\u00e9nt elnevezve, ezen a fel\u00fcleten lehet -a le\u00edrt felt\u00e9telek mellett- hangtechnikai holmikat elad\u00e1sra, cser\u00e9re hirdetni, keresni. K\u00e9rek mindenkit, csak olyan term\u00e9ket hirdessen vagy keressen aminek legal\u00e1bbis k\u00f6ze van a hobbinkhoz (pro audio-t, sz\u00e1m\u00edt\u00e1stechnik\u00e1t, telefont,\u00a0 TV-t, benzines f\u0171ny\u00edr\u00f3t NEM!!)<\/p>\n","protected":false},"author":1,"featured_media":0,"parent":0,"menu_order":0,"comment_status":"open","ping_status":"closed","template":"","meta":{"footnotes":""},"class_list":["post-290","page","type-page","status-publish","hentry"],"yoast_head":"<!-- This site is optimized with the Yoast SEO plugin v26.8 - https:\/\/yoast.com\/product\/yoast-seo-wordpress\/ -->\n<title>Zsibog\u00f3 - Dragonweed<\/title>\n<meta name=\"robots\" content=\"index, follow, max-snippet:-1, max-image-preview:large, max-video-preview:-1\" \/>\n<link rel=\"canonical\" href=\"https:\/\/dragonweed.hu\/?page_id=290\" \/>\n<meta property=\"og:locale\" content=\"hu_HU\" \/>\n<meta property=\"og:type\" content=\"article\" \/>\n<meta property=\"og:title\" content=\"Zsibog\u00f3 - Dragonweed\" \/>\n<meta property=\"og:description\" content=\"J\u00f3 Debrecenik\u00e9nt elnevezve, ezen a fel\u00fcleten lehet -a le\u00edrt felt\u00e9telek mellett- hangtechnikai holmikat elad\u00e1sra, cser\u00e9re hirdetni, keresni. K\u00e9rek mindenkit, csak olyan term\u00e9ket hirdessen vagy keressen aminek legal\u00e1bbis k\u00f6ze van a hobbinkhoz (pro audio-t, sz\u00e1m\u00edt\u00e1stechnik\u00e1t, telefont,\u00a0 TV-t, benzines f\u0171ny\u00edr\u00f3t NEM!!)\" \/>\n<meta property=\"og:url\" content=\"https:\/\/dragonweed.hu\/?page_id=290\" \/>\n<meta property=\"og:site_name\" content=\"Dragonweed\" \/>\n<meta property=\"article:modified_time\" content=\"2026-01-27T12:32:43+00:00\" \/>\n<meta name=\"twitter:card\" content=\"summary_large_image\" \/>\n<meta name=\"twitter:label1\" content=\"Becs\u00fclt olvas\u00e1si id\u0151\" \/>\n\t<meta name=\"twitter:data1\" content=\"1 perc\" \/>\n<script type=\"application\/ld+json\" class=\"yoast-schema-graph\">{\"@context\":\"https:\/\/schema.org\",\"@graph\":[{\"@type\":\"WebPage\",\"@id\":\"https:\/\/dragonweed.hu\/?page_id=290\",\"url\":\"https:\/\/dragonweed.hu\/?page_id=290\",\"name\":\"Zsibog\u00f3 - Dragonweed\",\"isPartOf\":{\"@id\":\"https:\/\/dragonweed.hu\/#website\"},\"datePublished\":\"2021-03-18T17:31:45+00:00\",\"dateModified\":\"2026-01-27T12:32:43+00:00\",\"breadcrumb\":{\"@id\":\"https:\/\/dragonweed.hu\/?page_id=290#breadcrumb\"},\"inLanguage\":\"hu\",\"potentialAction\":[{\"@type\":\"ReadAction\",\"target\":[\"https:\/\/dragonweed.hu\/?page_id=290\"]}]},{\"@type\":\"BreadcrumbList\",\"@id\":\"https:\/\/dragonweed.hu\/?page_id=290#breadcrumb\",\"itemListElement\":[{\"@type\":\"ListItem\",\"position\":1,\"name\":\"Kezd\u0151lap\",\"item\":\"https:\/\/dragonweed.hu\/\"},{\"@type\":\"ListItem\",\"position\":2,\"name\":\"Zsibog\u00f3\"}]},{\"@type\":\"WebSite\",\"@id\":\"https:\/\/dragonweed.hu\/#website\",\"url\":\"https:\/\/dragonweed.hu\/\",\"name\":\"Dragonweed\",\"description\":\"Hangosan gondolkodva\",\"publisher\":{\"@id\":\"https:\/\/dragonweed.hu\/#organization\"},\"potentialAction\":[{\"@type\":\"SearchAction\",\"target\":{\"@type\":\"EntryPoint\",\"urlTemplate\":\"https:\/\/dragonweed.hu\/?s={search_term_string}\"},\"query-input\":{\"@type\":\"PropertyValueSpecification\",\"valueRequired\":true,\"valueName\":\"search_term_string\"}}],\"inLanguage\":\"hu\"},{\"@type\":\"Organization\",\"@id\":\"https:\/\/dragonweed.hu\/#organization\",\"name\":\"Dragonweed\",\"url\":\"https:\/\/dragonweed.hu\/\",\"logo\":{\"@type\":\"ImageObject\",\"inLanguage\":\"hu\",\"@id\":\"https:\/\/dragonweed.hu\/#\/schema\/logo\/image\/\",\"url\":\"https:\/\/dragonweed.hu\/wp-content\/uploads\/2020\/04\/dragonweed-logo.png\",\"contentUrl\":\"https:\/\/dragonweed.hu\/wp-content\/uploads\/2020\/04\/dragonweed-logo.png\",\"width\":1164,\"height\":376,\"caption\":\"Dragonweed\"},\"image\":{\"@id\":\"https:\/\/dragonweed.hu\/#\/schema\/logo\/image\/\"}}]}<\/script>\n<!-- \/ Yoast SEO plugin. -->","yoast_head_json":{"title":"Zsibog\u00f3 - Dragonweed","robots":{"index":"index","follow":"follow","max-snippet":"max-snippet:-1","max-image-preview":"max-image-preview:large","max-video-preview":"max-video-preview:-1"},"canonical":"https:\/\/dragonweed.hu\/?page_id=290","og_locale":"hu_HU","og_type":"article","og_title":"Zsibog\u00f3 - Dragonweed","og_description":"J\u00f3 Debrecenik\u00e9nt elnevezve, ezen a fel\u00fcleten lehet -a le\u00edrt felt\u00e9telek mellett- hangtechnikai holmikat elad\u00e1sra, cser\u00e9re hirdetni, keresni. K\u00e9rek mindenkit, csak olyan term\u00e9ket hirdessen vagy keressen aminek legal\u00e1bbis k\u00f6ze van a hobbinkhoz (pro audio-t, sz\u00e1m\u00edt\u00e1stechnik\u00e1t, telefont,\u00a0 TV-t, benzines f\u0171ny\u00edr\u00f3t NEM!!)","og_url":"https:\/\/dragonweed.hu\/?page_id=290","og_site_name":"Dragonweed","article_modified_time":"2026-01-27T12:32:43+00:00","twitter_card":"summary_large_image","twitter_misc":{"Becs\u00fclt olvas\u00e1si id\u0151":"1 perc"},"schema":{"@context":"https:\/\/schema.org","@graph":[{"@type":"WebPage","@id":"https:\/\/dragonweed.hu\/?page_id=290","url":"https:\/\/dragonweed.hu\/?page_id=290","name":"Zsibog\u00f3 - Dragonweed","isPartOf":{"@id":"https:\/\/dragonweed.hu\/#website"},"datePublished":"2021-03-18T17:31:45+00:00","dateModified":"2026-01-27T12:32:43+00:00","breadcrumb":{"@id":"https:\/\/dragonweed.hu\/?page_id=290#breadcrumb"},"inLanguage":"hu","potentialAction":[{"@type":"ReadAction","target":["https:\/\/dragonweed.hu\/?page_id=290"]}]},{"@type":"BreadcrumbList","@id":"https:\/\/dragonweed.hu\/?page_id=290#breadcrumb","itemListElement":[{"@type":"ListItem","position":1,"name":"Kezd\u0151lap","item":"https:\/\/dragonweed.hu\/"},{"@type":"ListItem","position":2,"name":"Zsibog\u00f3"}]},{"@type":"WebSite","@id":"https:\/\/dragonweed.hu\/#website","url":"https:\/\/dragonweed.hu\/","name":"Dragonweed","description":"Hangosan gondolkodva","publisher":{"@id":"https:\/\/dragonweed.hu\/#organization"},"potentialAction":[{"@type":"SearchAction","target":{"@type":"EntryPoint","urlTemplate":"https:\/\/dragonweed.hu\/?s={search_term_string}"},"query-input":{"@type":"PropertyValueSpecification","valueRequired":true,"valueName":"search_term_string"}}],"inLanguage":"hu"},{"@type":"Organization","@id":"https:\/\/dragonweed.hu\/#organization","name":"Dragonweed","url":"https:\/\/dragonweed.hu\/","logo":{"@type":"ImageObject","inLanguage":"hu","@id":"https:\/\/dragonweed.hu\/#\/schema\/logo\/image\/","url":"https:\/\/dragonweed.hu\/wp-content\/uploads\/2020\/04\/dragonweed-logo.png","contentUrl":"https:\/\/dragonweed.hu\/wp-content\/uploads\/2020\/04\/dragonweed-logo.png","width":1164,"height":376,"caption":"Dragonweed"},"image":{"@id":"https:\/\/dragonweed.hu\/#\/schema\/logo\/image\/"}}]}},"_links":{"self":[{"href":"https:\/\/dragonweed.hu\/index.php?rest_route=\/wp\/v2\/pages\/290","targetHints":{"allow":["GET"]}}],"collection":[{"href":"https:\/\/dragonweed.hu\/index.php?rest_route=\/wp\/v2\/pages"}],"about":[{"href":"https:\/\/dragonweed.hu\/index.php?rest_route=\/wp\/v2\/types\/page"}],"author":[{"embeddable":true,"href":"https:\/\/dragonweed.hu\/index.php?rest_route=\/wp\/v2\/users\/1"}],"replies":[{"embeddable":true,"href":"https:\/\/dragonweed.hu\/index.php?rest_route=%2Fwp%2Fv2%2Fcomments&post=290"}],"version-history":[{"count":1,"href":"https:\/\/dragonweed.hu\/index.php?rest_route=\/wp\/v2\/pages\/290\/revisions"}],"predecessor-version":[{"id":292,"href":"https:\/\/dragonweed.hu\/index.php?rest_route=\/wp\/v2\/pages\/290\/revisions\/292"}],"wp:attachment":[{"href":"https:\/\/dragonweed.hu\/index.php?rest_route=%2Fwp%2Fv2%2Fmedia&parent=290"}],"curies":[{"name":"wp","href":"https:\/\/api.w.org\/{rel}","templated":true}]}}