{"id":1618,"date":"2023-02-19T17:57:35","date_gmt":"2023-02-19T16:57:35","guid":{"rendered":"http:\/\/dragonweed.hu\/?page_id=1618"},"modified":"2026-01-27T13:35:52","modified_gmt":"2026-01-27T12:35:52","slug":"elado-dolgaim","status":"publish","type":"page","link":"https:\/\/dragonweed.hu\/?page_id=1618","title":{"rendered":"Elad\u00f3 dolgaim"},"content":{"rendered":"<p>No, akkor mostant\u00f3l itt lesznek azok a dolgok amiket \u00e9n gy\u00e1rtok, illetve szeretn\u00e9k eladni. Ide k\u00e9rem m\u00e1s ne tegyen fel elad\u00f3 term\u00e9ket, arra ott van a &#8222;Zsibog\u00f3&#8221; rovat.<\/p>\n","protected":false},"excerpt":{"rendered":"<p>No, akkor mostant\u00f3l itt lesznek azok a dolgok amiket \u00e9n gy\u00e1rtok, illetve szeretn\u00e9k eladni. Ide k\u00e9rem m\u00e1s ne tegyen fel elad\u00f3 term\u00e9ket, arra ott van a &#8222;Zsibog\u00f3&#8221; rovat.<\/p>\n","protected":false},"author":1,"featured_media":1628,"parent":0,"menu_order":0,"comment_status":"open","ping_status":"closed","template":"","meta":{"footnotes":""},"class_list":["post-1618","page","type-page","status-publish","has-post-thumbnail","hentry"],"yoast_head":"<!-- This site is optimized with the Yoast SEO plugin v26.8 - https:\/\/yoast.com\/product\/yoast-seo-wordpress\/ -->\n<title>Elad\u00f3 dolgaim - Dragonweed<\/title>\n<meta name=\"robots\" content=\"index, follow, max-snippet:-1, max-image-preview:large, max-video-preview:-1\" \/>\n<link rel=\"canonical\" href=\"https:\/\/dragonweed.hu\/?page_id=1618\" \/>\n<meta property=\"og:locale\" content=\"hu_HU\" \/>\n<meta property=\"og:type\" content=\"article\" \/>\n<meta property=\"og:title\" content=\"Elad\u00f3 dolgaim - Dragonweed\" \/>\n<meta property=\"og:description\" content=\"No, akkor mostant\u00f3l itt lesznek azok a dolgok amiket \u00e9n gy\u00e1rtok, illetve szeretn\u00e9k eladni. Ide k\u00e9rem m\u00e1s ne tegyen fel elad\u00f3 term\u00e9ket, arra ott van a &#8222;Zsibog\u00f3&#8221; rovat.\" \/>\n<meta property=\"og:url\" content=\"https:\/\/dragonweed.hu\/?page_id=1618\" \/>\n<meta property=\"og:site_name\" content=\"Dragonweed\" \/>\n<meta property=\"article:modified_time\" content=\"2026-01-27T12:35:52+00:00\" \/>\n<meta property=\"og:image\" content=\"http:\/\/dragonweed.hu\/wp-content\/uploads\/2023\/02\/maxresdefault-2.jpg\" \/>\n\t<meta property=\"og:image:width\" content=\"1280\" \/>\n\t<meta property=\"og:image:height\" content=\"720\" \/>\n\t<meta property=\"og:image:type\" content=\"image\/jpeg\" \/>\n<meta name=\"twitter:card\" content=\"summary_large_image\" \/>\n<meta name=\"twitter:label1\" content=\"Becs\u00fclt olvas\u00e1si id\u0151\" \/>\n\t<meta name=\"twitter:data1\" content=\"1 perc\" \/>\n<script type=\"application\/ld+json\" class=\"yoast-schema-graph\">{\"@context\":\"https:\/\/schema.org\",\"@graph\":[{\"@type\":\"WebPage\",\"@id\":\"https:\/\/dragonweed.hu\/?page_id=1618\",\"url\":\"https:\/\/dragonweed.hu\/?page_id=1618\",\"name\":\"Elad\u00f3 dolgaim - Dragonweed\",\"isPartOf\":{\"@id\":\"https:\/\/dragonweed.hu\/#website\"},\"primaryImageOfPage\":{\"@id\":\"https:\/\/dragonweed.hu\/?page_id=1618#primaryimage\"},\"image\":{\"@id\":\"https:\/\/dragonweed.hu\/?page_id=1618#primaryimage\"},\"thumbnailUrl\":\"https:\/\/dragonweed.hu\/wp-content\/uploads\/2023\/02\/maxresdefault-2.jpg\",\"datePublished\":\"2023-02-19T16:57:35+00:00\",\"dateModified\":\"2026-01-27T12:35:52+00:00\",\"breadcrumb\":{\"@id\":\"https:\/\/dragonweed.hu\/?page_id=1618#breadcrumb\"},\"inLanguage\":\"hu\",\"potentialAction\":[{\"@type\":\"ReadAction\",\"target\":[\"https:\/\/dragonweed.hu\/?page_id=1618\"]}]},{\"@type\":\"ImageObject\",\"inLanguage\":\"hu\",\"@id\":\"https:\/\/dragonweed.hu\/?page_id=1618#primaryimage\",\"url\":\"https:\/\/dragonweed.hu\/wp-content\/uploads\/2023\/02\/maxresdefault-2.jpg\",\"contentUrl\":\"https:\/\/dragonweed.hu\/wp-content\/uploads\/2023\/02\/maxresdefault-2.jpg\",\"width\":1280,\"height\":720},{\"@type\":\"BreadcrumbList\",\"@id\":\"https:\/\/dragonweed.hu\/?page_id=1618#breadcrumb\",\"itemListElement\":[{\"@type\":\"ListItem\",\"position\":1,\"name\":\"Kezd\u0151lap\",\"item\":\"https:\/\/dragonweed.hu\/\"},{\"@type\":\"ListItem\",\"position\":2,\"name\":\"Elad\u00f3 dolgaim\"}]},{\"@type\":\"WebSite\",\"@id\":\"https:\/\/dragonweed.hu\/#website\",\"url\":\"https:\/\/dragonweed.hu\/\",\"name\":\"Dragonweed\",\"description\":\"Hangosan gondolkodva\",\"publisher\":{\"@id\":\"https:\/\/dragonweed.hu\/#organization\"},\"potentialAction\":[{\"@type\":\"SearchAction\",\"target\":{\"@type\":\"EntryPoint\",\"urlTemplate\":\"https:\/\/dragonweed.hu\/?s={search_term_string}\"},\"query-input\":{\"@type\":\"PropertyValueSpecification\",\"valueRequired\":true,\"valueName\":\"search_term_string\"}}],\"inLanguage\":\"hu\"},{\"@type\":\"Organization\",\"@id\":\"https:\/\/dragonweed.hu\/#organization\",\"name\":\"Dragonweed\",\"url\":\"https:\/\/dragonweed.hu\/\",\"logo\":{\"@type\":\"ImageObject\",\"inLanguage\":\"hu\",\"@id\":\"https:\/\/dragonweed.hu\/#\/schema\/logo\/image\/\",\"url\":\"https:\/\/dragonweed.hu\/wp-content\/uploads\/2020\/04\/dragonweed-logo.png\",\"contentUrl\":\"https:\/\/dragonweed.hu\/wp-content\/uploads\/2020\/04\/dragonweed-logo.png\",\"width\":1164,\"height\":376,\"caption\":\"Dragonweed\"},\"image\":{\"@id\":\"https:\/\/dragonweed.hu\/#\/schema\/logo\/image\/\"}}]}<\/script>\n<!-- \/ Yoast SEO plugin. -->","yoast_head_json":{"title":"Elad\u00f3 dolgaim - Dragonweed","robots":{"index":"index","follow":"follow","max-snippet":"max-snippet:-1","max-image-preview":"max-image-preview:large","max-video-preview":"max-video-preview:-1"},"canonical":"https:\/\/dragonweed.hu\/?page_id=1618","og_locale":"hu_HU","og_type":"article","og_title":"Elad\u00f3 dolgaim - Dragonweed","og_description":"No, akkor mostant\u00f3l itt lesznek azok a dolgok amiket \u00e9n gy\u00e1rtok, illetve szeretn\u00e9k eladni. Ide k\u00e9rem m\u00e1s ne tegyen fel elad\u00f3 term\u00e9ket, arra ott van a &#8222;Zsibog\u00f3&#8221; rovat.","og_url":"https:\/\/dragonweed.hu\/?page_id=1618","og_site_name":"Dragonweed","article_modified_time":"2026-01-27T12:35:52+00:00","og_image":[{"width":1280,"height":720,"url":"http:\/\/dragonweed.hu\/wp-content\/uploads\/2023\/02\/maxresdefault-2.jpg","type":"image\/jpeg"}],"twitter_card":"summary_large_image","twitter_misc":{"Becs\u00fclt olvas\u00e1si id\u0151":"1 perc"},"schema":{"@context":"https:\/\/schema.org","@graph":[{"@type":"WebPage","@id":"https:\/\/dragonweed.hu\/?page_id=1618","url":"https:\/\/dragonweed.hu\/?page_id=1618","name":"Elad\u00f3 dolgaim - Dragonweed","isPartOf":{"@id":"https:\/\/dragonweed.hu\/#website"},"primaryImageOfPage":{"@id":"https:\/\/dragonweed.hu\/?page_id=1618#primaryimage"},"image":{"@id":"https:\/\/dragonweed.hu\/?page_id=1618#primaryimage"},"thumbnailUrl":"https:\/\/dragonweed.hu\/wp-content\/uploads\/2023\/02\/maxresdefault-2.jpg","datePublished":"2023-02-19T16:57:35+00:00","dateModified":"2026-01-27T12:35:52+00:00","breadcrumb":{"@id":"https:\/\/dragonweed.hu\/?page_id=1618#breadcrumb"},"inLanguage":"hu","potentialAction":[{"@type":"ReadAction","target":["https:\/\/dragonweed.hu\/?page_id=1618"]}]},{"@type":"ImageObject","inLanguage":"hu","@id":"https:\/\/dragonweed.hu\/?page_id=1618#primaryimage","url":"https:\/\/dragonweed.hu\/wp-content\/uploads\/2023\/02\/maxresdefault-2.jpg","contentUrl":"https:\/\/dragonweed.hu\/wp-content\/uploads\/2023\/02\/maxresdefault-2.jpg","width":1280,"height":720},{"@type":"BreadcrumbList","@id":"https:\/\/dragonweed.hu\/?page_id=1618#breadcrumb","itemListElement":[{"@type":"ListItem","position":1,"name":"Kezd\u0151lap","item":"https:\/\/dragonweed.hu\/"},{"@type":"ListItem","position":2,"name":"Elad\u00f3 dolgaim"}]},{"@type":"WebSite","@id":"https:\/\/dragonweed.hu\/#website","url":"https:\/\/dragonweed.hu\/","name":"Dragonweed","description":"Hangosan gondolkodva","publisher":{"@id":"https:\/\/dragonweed.hu\/#organization"},"potentialAction":[{"@type":"SearchAction","target":{"@type":"EntryPoint","urlTemplate":"https:\/\/dragonweed.hu\/?s={search_term_string}"},"query-input":{"@type":"PropertyValueSpecification","valueRequired":true,"valueName":"search_term_string"}}],"inLanguage":"hu"},{"@type":"Organization","@id":"https:\/\/dragonweed.hu\/#organization","name":"Dragonweed","url":"https:\/\/dragonweed.hu\/","logo":{"@type":"ImageObject","inLanguage":"hu","@id":"https:\/\/dragonweed.hu\/#\/schema\/logo\/image\/","url":"https:\/\/dragonweed.hu\/wp-content\/uploads\/2020\/04\/dragonweed-logo.png","contentUrl":"https:\/\/dragonweed.hu\/wp-content\/uploads\/2020\/04\/dragonweed-logo.png","width":1164,"height":376,"caption":"Dragonweed"},"image":{"@id":"https:\/\/dragonweed.hu\/#\/schema\/logo\/image\/"}}]}},"_links":{"self":[{"href":"https:\/\/dragonweed.hu\/index.php?rest_route=\/wp\/v2\/pages\/1618","targetHints":{"allow":["GET"]}}],"collection":[{"href":"https:\/\/dragonweed.hu\/index.php?rest_route=\/wp\/v2\/pages"}],"about":[{"href":"https:\/\/dragonweed.hu\/index.php?rest_route=\/wp\/v2\/types\/page"}],"author":[{"embeddable":true,"href":"https:\/\/dragonweed.hu\/index.php?rest_route=\/wp\/v2\/users\/1"}],"replies":[{"embeddable":true,"href":"https:\/\/dragonweed.hu\/index.php?rest_route=%2Fwp%2Fv2%2Fcomments&post=1618"}],"version-history":[{"count":5,"href":"https:\/\/dragonweed.hu\/index.php?rest_route=\/wp\/v2\/pages\/1618\/revisions"}],"predecessor-version":[{"id":1627,"href":"https:\/\/dragonweed.hu\/index.php?rest_route=\/wp\/v2\/pages\/1618\/revisions\/1627"}],"wp:featuredmedia":[{"embeddable":true,"href":"https:\/\/dragonweed.hu\/index.php?rest_route=\/wp\/v2\/media\/1628"}],"wp:attachment":[{"href":"https:\/\/dragonweed.hu\/index.php?rest_route=%2Fwp%2Fv2%2Fmedia&parent=1618"}],"curies":[{"name":"wp","href":"https:\/\/api.w.org\/{rel}","templated":true}]}}