{"id":120,"date":"2020-12-28T15:26:12","date_gmt":"2020-12-28T14:26:12","guid":{"rendered":"http:\/\/dragonweed.hu\/?page_id=120"},"modified":"2026-01-27T13:35:37","modified_gmt":"2026-01-27T12:35:37","slug":"d-misztifikalas","status":"publish","type":"page","link":"https:\/\/dragonweed.hu\/?page_id=120","title":{"rendered":"&#8222;D&#8221;-misztifik\u00e1l\u00e1s"},"content":{"rendered":"\r\n<p>Ebben a rovatban lesz majd sz\u00f3 a sok -\u00e9s egyre t\u00f6bb- port kavar\u00f3 D oszt\u00e1ly\u00fa er\u0151s\u00edt\u0151kr\u0151l.<\/p>\r\n\r\n\r\n\r\n<p>Tapasztalatomhoz, tud\u00e1somhoz m\u00e9rten igyekszem eloszlatni n\u00e9h\u00e1ny t\u00e9vhitet, mi\u00e9rt, kinek j\u00f3, vagy nem (lehet) j\u00f3 ez az er\u0151s\u00edt\u0151fajta. Lehet k\u00e9rdezni, v\u00e9lem\u00e9nyt, tapasztalatot megosztani.<\/p>\r\n\r\n\r\n\r\n<p>Ha m\u00e1r &#8222;D&#8221;, akkor lehet egy\u00e9b digit\u00e1lis t\u00e9m\u00e1kat is ves\u00e9zgetni. DAC-okat, CD j\u00e1tsz\u00f3kat, stb.<\/p>\r\n\r\n\r\n\r\n<p>PC \u00e9s h\u00e1l\u00f3zati alap\u00fa forr\u00e1sokr\u00f3l -tapasztalat h\u00edj\u00e1n- nem nagyon tudok nyilatkozni, ezt ha lehet ne k\u00e9rdezz\u00e9tek &#8211; legfeljebb egym\u00e1st\u00f3l.<\/p>\r\n","protected":false},"excerpt":{"rendered":"<p>Ebben a rovatban lesz majd sz\u00f3 a sok -\u00e9s egyre t\u00f6bb- port kavar\u00f3 D oszt\u00e1ly\u00fa er\u0151s\u00edt\u0151kr\u0151l. Tapasztalatomhoz, tud\u00e1somhoz m\u00e9rten igyekszem eloszlatni n\u00e9h\u00e1ny t\u00e9vhitet, mi\u00e9rt, kinek j\u00f3, vagy nem (lehet) j\u00f3 ez az er\u0151s\u00edt\u0151fajta. Lehet k\u00e9rdezni, v\u00e9lem\u00e9nyt, tapasztalatot megosztani. Ha m\u00e1r &#8222;D&#8221;, akkor lehet egy\u00e9b digit\u00e1lis t\u00e9m\u00e1kat is ves\u00e9zgetni. DAC-okat, CD j\u00e1tsz\u00f3kat, stb. PC \u00e9s h\u00e1l\u00f3zati<\/p>\n<div class=\"entry-read-more\"><span class=\"read-more\"><a href=\"https:\/\/dragonweed.hu\/?page_id=120\" class=\"more-link\">Read More&nbsp;<i class=\"fas fa-long-arrow-alt-right\"><\/i><\/a><\/span><\/div>\n<p><!-- entry-read-more --><\/p>\n","protected":false},"author":1,"featured_media":0,"parent":0,"menu_order":0,"comment_status":"open","ping_status":"closed","template":"","meta":{"footnotes":""},"class_list":["post-120","page","type-page","status-publish","hentry"],"yoast_head":"<!-- This site is optimized with the Yoast SEO plugin v26.8 - https:\/\/yoast.com\/product\/yoast-seo-wordpress\/ -->\n<title>&quot;D&quot;-misztifik\u00e1l\u00e1s - Dragonweed<\/title>\n<meta name=\"robots\" content=\"index, follow, max-snippet:-1, max-image-preview:large, max-video-preview:-1\" \/>\n<link rel=\"canonical\" href=\"https:\/\/dragonweed.hu\/?page_id=120\" \/>\n<meta property=\"og:locale\" content=\"hu_HU\" \/>\n<meta property=\"og:type\" content=\"article\" \/>\n<meta property=\"og:title\" content=\"&quot;D&quot;-misztifik\u00e1l\u00e1s - Dragonweed\" \/>\n<meta property=\"og:description\" content=\"Ebben a rovatban lesz majd sz\u00f3 a sok -\u00e9s egyre t\u00f6bb- port kavar\u00f3 D oszt\u00e1ly\u00fa er\u0151s\u00edt\u0151kr\u0151l. Tapasztalatomhoz, tud\u00e1somhoz m\u00e9rten igyekszem eloszlatni n\u00e9h\u00e1ny t\u00e9vhitet, mi\u00e9rt, kinek j\u00f3, vagy nem (lehet) j\u00f3 ez az er\u0151s\u00edt\u0151fajta. Lehet k\u00e9rdezni, v\u00e9lem\u00e9nyt, tapasztalatot megosztani. Ha m\u00e1r &#8222;D&#8221;, akkor lehet egy\u00e9b digit\u00e1lis t\u00e9m\u00e1kat is ves\u00e9zgetni. DAC-okat, CD j\u00e1tsz\u00f3kat, stb. PC \u00e9s h\u00e1l\u00f3zatiRead More&nbsp;\" \/>\n<meta property=\"og:url\" content=\"https:\/\/dragonweed.hu\/?page_id=120\" \/>\n<meta property=\"og:site_name\" content=\"Dragonweed\" \/>\n<meta property=\"article:modified_time\" content=\"2026-01-27T12:35:37+00:00\" \/>\n<meta name=\"twitter:card\" content=\"summary_large_image\" \/>\n<meta name=\"twitter:label1\" content=\"Becs\u00fclt olvas\u00e1si id\u0151\" \/>\n\t<meta name=\"twitter:data1\" content=\"1 perc\" \/>\n<script type=\"application\/ld+json\" class=\"yoast-schema-graph\">{\"@context\":\"https:\/\/schema.org\",\"@graph\":[{\"@type\":\"WebPage\",\"@id\":\"https:\/\/dragonweed.hu\/?page_id=120\",\"url\":\"https:\/\/dragonweed.hu\/?page_id=120\",\"name\":\"\\\"D\\\"-misztifik\u00e1l\u00e1s - Dragonweed\",\"isPartOf\":{\"@id\":\"https:\/\/dragonweed.hu\/#website\"},\"datePublished\":\"2020-12-28T14:26:12+00:00\",\"dateModified\":\"2026-01-27T12:35:37+00:00\",\"breadcrumb\":{\"@id\":\"https:\/\/dragonweed.hu\/?page_id=120#breadcrumb\"},\"inLanguage\":\"hu\",\"potentialAction\":[{\"@type\":\"ReadAction\",\"target\":[\"https:\/\/dragonweed.hu\/?page_id=120\"]}]},{\"@type\":\"BreadcrumbList\",\"@id\":\"https:\/\/dragonweed.hu\/?page_id=120#breadcrumb\",\"itemListElement\":[{\"@type\":\"ListItem\",\"position\":1,\"name\":\"Kezd\u0151lap\",\"item\":\"https:\/\/dragonweed.hu\/\"},{\"@type\":\"ListItem\",\"position\":2,\"name\":\"&#8222;D&#8221;-misztifik\u00e1l\u00e1s\"}]},{\"@type\":\"WebSite\",\"@id\":\"https:\/\/dragonweed.hu\/#website\",\"url\":\"https:\/\/dragonweed.hu\/\",\"name\":\"Dragonweed\",\"description\":\"Hangosan gondolkodva\",\"publisher\":{\"@id\":\"https:\/\/dragonweed.hu\/#organization\"},\"potentialAction\":[{\"@type\":\"SearchAction\",\"target\":{\"@type\":\"EntryPoint\",\"urlTemplate\":\"https:\/\/dragonweed.hu\/?s={search_term_string}\"},\"query-input\":{\"@type\":\"PropertyValueSpecification\",\"valueRequired\":true,\"valueName\":\"search_term_string\"}}],\"inLanguage\":\"hu\"},{\"@type\":\"Organization\",\"@id\":\"https:\/\/dragonweed.hu\/#organization\",\"name\":\"Dragonweed\",\"url\":\"https:\/\/dragonweed.hu\/\",\"logo\":{\"@type\":\"ImageObject\",\"inLanguage\":\"hu\",\"@id\":\"https:\/\/dragonweed.hu\/#\/schema\/logo\/image\/\",\"url\":\"https:\/\/dragonweed.hu\/wp-content\/uploads\/2020\/04\/dragonweed-logo.png\",\"contentUrl\":\"https:\/\/dragonweed.hu\/wp-content\/uploads\/2020\/04\/dragonweed-logo.png\",\"width\":1164,\"height\":376,\"caption\":\"Dragonweed\"},\"image\":{\"@id\":\"https:\/\/dragonweed.hu\/#\/schema\/logo\/image\/\"}}]}<\/script>\n<!-- \/ Yoast SEO plugin. -->","yoast_head_json":{"title":"\"D\"-misztifik\u00e1l\u00e1s - Dragonweed","robots":{"index":"index","follow":"follow","max-snippet":"max-snippet:-1","max-image-preview":"max-image-preview:large","max-video-preview":"max-video-preview:-1"},"canonical":"https:\/\/dragonweed.hu\/?page_id=120","og_locale":"hu_HU","og_type":"article","og_title":"\"D\"-misztifik\u00e1l\u00e1s - Dragonweed","og_description":"Ebben a rovatban lesz majd sz\u00f3 a sok -\u00e9s egyre t\u00f6bb- port kavar\u00f3 D oszt\u00e1ly\u00fa er\u0151s\u00edt\u0151kr\u0151l. Tapasztalatomhoz, tud\u00e1somhoz m\u00e9rten igyekszem eloszlatni n\u00e9h\u00e1ny t\u00e9vhitet, mi\u00e9rt, kinek j\u00f3, vagy nem (lehet) j\u00f3 ez az er\u0151s\u00edt\u0151fajta. Lehet k\u00e9rdezni, v\u00e9lem\u00e9nyt, tapasztalatot megosztani. Ha m\u00e1r &#8222;D&#8221;, akkor lehet egy\u00e9b digit\u00e1lis t\u00e9m\u00e1kat is ves\u00e9zgetni. DAC-okat, CD j\u00e1tsz\u00f3kat, stb. PC \u00e9s h\u00e1l\u00f3zatiRead More&nbsp;","og_url":"https:\/\/dragonweed.hu\/?page_id=120","og_site_name":"Dragonweed","article_modified_time":"2026-01-27T12:35:37+00:00","twitter_card":"summary_large_image","twitter_misc":{"Becs\u00fclt olvas\u00e1si id\u0151":"1 perc"},"schema":{"@context":"https:\/\/schema.org","@graph":[{"@type":"WebPage","@id":"https:\/\/dragonweed.hu\/?page_id=120","url":"https:\/\/dragonweed.hu\/?page_id=120","name":"\"D\"-misztifik\u00e1l\u00e1s - Dragonweed","isPartOf":{"@id":"https:\/\/dragonweed.hu\/#website"},"datePublished":"2020-12-28T14:26:12+00:00","dateModified":"2026-01-27T12:35:37+00:00","breadcrumb":{"@id":"https:\/\/dragonweed.hu\/?page_id=120#breadcrumb"},"inLanguage":"hu","potentialAction":[{"@type":"ReadAction","target":["https:\/\/dragonweed.hu\/?page_id=120"]}]},{"@type":"BreadcrumbList","@id":"https:\/\/dragonweed.hu\/?page_id=120#breadcrumb","itemListElement":[{"@type":"ListItem","position":1,"name":"Kezd\u0151lap","item":"https:\/\/dragonweed.hu\/"},{"@type":"ListItem","position":2,"name":"&#8222;D&#8221;-misztifik\u00e1l\u00e1s"}]},{"@type":"WebSite","@id":"https:\/\/dragonweed.hu\/#website","url":"https:\/\/dragonweed.hu\/","name":"Dragonweed","description":"Hangosan gondolkodva","publisher":{"@id":"https:\/\/dragonweed.hu\/#organization"},"potentialAction":[{"@type":"SearchAction","target":{"@type":"EntryPoint","urlTemplate":"https:\/\/dragonweed.hu\/?s={search_term_string}"},"query-input":{"@type":"PropertyValueSpecification","valueRequired":true,"valueName":"search_term_string"}}],"inLanguage":"hu"},{"@type":"Organization","@id":"https:\/\/dragonweed.hu\/#organization","name":"Dragonweed","url":"https:\/\/dragonweed.hu\/","logo":{"@type":"ImageObject","inLanguage":"hu","@id":"https:\/\/dragonweed.hu\/#\/schema\/logo\/image\/","url":"https:\/\/dragonweed.hu\/wp-content\/uploads\/2020\/04\/dragonweed-logo.png","contentUrl":"https:\/\/dragonweed.hu\/wp-content\/uploads\/2020\/04\/dragonweed-logo.png","width":1164,"height":376,"caption":"Dragonweed"},"image":{"@id":"https:\/\/dragonweed.hu\/#\/schema\/logo\/image\/"}}]}},"_links":{"self":[{"href":"https:\/\/dragonweed.hu\/index.php?rest_route=\/wp\/v2\/pages\/120","targetHints":{"allow":["GET"]}}],"collection":[{"href":"https:\/\/dragonweed.hu\/index.php?rest_route=\/wp\/v2\/pages"}],"about":[{"href":"https:\/\/dragonweed.hu\/index.php?rest_route=\/wp\/v2\/types\/page"}],"author":[{"embeddable":true,"href":"https:\/\/dragonweed.hu\/index.php?rest_route=\/wp\/v2\/users\/1"}],"replies":[{"embeddable":true,"href":"https:\/\/dragonweed.hu\/index.php?rest_route=%2Fwp%2Fv2%2Fcomments&post=120"}],"version-history":[{"count":5,"href":"https:\/\/dragonweed.hu\/index.php?rest_route=\/wp\/v2\/pages\/120\/revisions"}],"predecessor-version":[{"id":4050,"href":"https:\/\/dragonweed.hu\/index.php?rest_route=\/wp\/v2\/pages\/120\/revisions\/4050"}],"wp:attachment":[{"href":"https:\/\/dragonweed.hu\/index.php?rest_route=%2Fwp%2Fv2%2Fmedia&parent=120"}],"curies":[{"name":"wp","href":"https:\/\/api.w.org\/{rel}","templated":true}]}}