{"id":1056,"date":"2022-04-21T19:17:24","date_gmt":"2022-04-21T18:17:24","guid":{"rendered":"http:\/\/dragonweed.hu\/?page_id=1056"},"modified":"2026-01-27T13:34:49","modified_gmt":"2026-01-27T12:34:49","slug":"audionarchia","status":"publish","type":"page","link":"https:\/\/dragonweed.hu\/?page_id=1056","title":{"rendered":"Audinarchia"},"content":{"rendered":"<p>J\u00f3l sejtitek, az a<strong>udi<\/strong>o \u00e9s az a<strong>narchia<\/strong> hibridje a c\u00edm. Mi\u00e9rt? Itt pr\u00f3b\u00e1lom majd -saj\u00e1t p\u00e9ld\u00e1immal -bemutatni hogy bizony lehet szinte fill\u00e9rekb\u0151l is elk\u00e9peszt\u0151en j\u00f3 hangot var\u00e1zsolni. Lehet sokan legyintetek erre, mert: &#8222;persze neked k\u00f6nny\u0171, ez a szakm\u00e1d, eg\u00e9sz \u00e9letedben ezt csin\u00e1ltad. &#8221;<\/p>\n<p>No pont ez\u00e9rt pr\u00f3b\u00e1lok seg\u00edteni, hogy nektek ne kelljen 6-7 sz\u00e1mjegy\u0171 \u00f6sszegeket elverni igen gyorsan elad\u00f3sorba ker\u00fcl\u0151 &#8222;j\u00f3 sajt\u00f3j\u00fa&#8221; trendi hullad\u00e9kokra. Persze mindezt azoknak sz\u00e1nva akiknek van f\u00fcle a zen\u00e9re \u00e9s nem kirakatot, meg zs\u00e1km\u00e1nyki\u00e1ll\u00edt\u00e1st szeretn\u00e9nek a berendez\u00e9seikb\u0151l \u00f6sszehozni&#8230;.<\/p>\n<p>Mott\u00f3: Ha fele annyi h\u00fclye lenne ezen a bolyg\u00f3n mint amennyi van, m\u00e1r az is legal\u00e1bb a k\u00e9tszerese lenne az elviselhet\u0151nek&#8230;.<\/p>\n","protected":false},"excerpt":{"rendered":"<p>J\u00f3l sejtitek, az audio \u00e9s az anarchia hibridje a c\u00edm. Mi\u00e9rt? Itt pr\u00f3b\u00e1lom majd -saj\u00e1t p\u00e9ld\u00e1immal -bemutatni hogy bizony lehet szinte fill\u00e9rekb\u0151l is elk\u00e9peszt\u0151en j\u00f3 hangot var\u00e1zsolni. Lehet sokan legyintetek erre, mert: &#8222;persze neked k\u00f6nny\u0171, ez a szakm\u00e1d, eg\u00e9sz \u00e9letedben ezt csin\u00e1ltad. &#8221; No pont ez\u00e9rt pr\u00f3b\u00e1lok seg\u00edteni, hogy nektek ne kelljen 6-7 sz\u00e1mjegy\u0171 \u00f6sszegeket<\/p>\n<div class=\"entry-read-more\"><span class=\"read-more\"><a href=\"https:\/\/dragonweed.hu\/?page_id=1056\" class=\"more-link\">Read More&nbsp;<i class=\"fas fa-long-arrow-alt-right\"><\/i><\/a><\/span><\/div>\n<p><!-- entry-read-more --><\/p>\n","protected":false},"author":1,"featured_media":0,"parent":0,"menu_order":0,"comment_status":"open","ping_status":"closed","template":"","meta":{"footnotes":""},"class_list":["post-1056","page","type-page","status-publish","hentry"],"yoast_head":"<!-- This site is optimized with the Yoast SEO plugin v26.8 - https:\/\/yoast.com\/product\/yoast-seo-wordpress\/ -->\n<title>Audinarchia - Dragonweed<\/title>\n<meta name=\"robots\" content=\"index, follow, max-snippet:-1, max-image-preview:large, max-video-preview:-1\" \/>\n<link rel=\"canonical\" href=\"https:\/\/dragonweed.hu\/?page_id=1056\" \/>\n<meta property=\"og:locale\" content=\"hu_HU\" \/>\n<meta property=\"og:type\" content=\"article\" \/>\n<meta property=\"og:title\" content=\"Audinarchia - Dragonweed\" \/>\n<meta property=\"og:description\" content=\"J\u00f3l sejtitek, az audio \u00e9s az anarchia hibridje a c\u00edm. Mi\u00e9rt? Itt pr\u00f3b\u00e1lom majd -saj\u00e1t p\u00e9ld\u00e1immal -bemutatni hogy bizony lehet szinte fill\u00e9rekb\u0151l is elk\u00e9peszt\u0151en j\u00f3 hangot var\u00e1zsolni. Lehet sokan legyintetek erre, mert: &#8222;persze neked k\u00f6nny\u0171, ez a szakm\u00e1d, eg\u00e9sz \u00e9letedben ezt csin\u00e1ltad. &#8221; No pont ez\u00e9rt pr\u00f3b\u00e1lok seg\u00edteni, hogy nektek ne kelljen 6-7 sz\u00e1mjegy\u0171 \u00f6sszegeketRead More&nbsp;\" \/>\n<meta property=\"og:url\" content=\"https:\/\/dragonweed.hu\/?page_id=1056\" \/>\n<meta property=\"og:site_name\" content=\"Dragonweed\" \/>\n<meta property=\"article:modified_time\" content=\"2026-01-27T12:34:49+00:00\" \/>\n<meta name=\"twitter:card\" content=\"summary_large_image\" \/>\n<meta name=\"twitter:label1\" content=\"Becs\u00fclt olvas\u00e1si id\u0151\" \/>\n\t<meta name=\"twitter:data1\" content=\"1 perc\" \/>\n<script type=\"application\/ld+json\" class=\"yoast-schema-graph\">{\"@context\":\"https:\/\/schema.org\",\"@graph\":[{\"@type\":\"WebPage\",\"@id\":\"https:\/\/dragonweed.hu\/?page_id=1056\",\"url\":\"https:\/\/dragonweed.hu\/?page_id=1056\",\"name\":\"Audinarchia - Dragonweed\",\"isPartOf\":{\"@id\":\"https:\/\/dragonweed.hu\/#website\"},\"datePublished\":\"2022-04-21T18:17:24+00:00\",\"dateModified\":\"2026-01-27T12:34:49+00:00\",\"breadcrumb\":{\"@id\":\"https:\/\/dragonweed.hu\/?page_id=1056#breadcrumb\"},\"inLanguage\":\"hu\",\"potentialAction\":[{\"@type\":\"ReadAction\",\"target\":[\"https:\/\/dragonweed.hu\/?page_id=1056\"]}]},{\"@type\":\"BreadcrumbList\",\"@id\":\"https:\/\/dragonweed.hu\/?page_id=1056#breadcrumb\",\"itemListElement\":[{\"@type\":\"ListItem\",\"position\":1,\"name\":\"Kezd\u0151lap\",\"item\":\"https:\/\/dragonweed.hu\/\"},{\"@type\":\"ListItem\",\"position\":2,\"name\":\"Audinarchia\"}]},{\"@type\":\"WebSite\",\"@id\":\"https:\/\/dragonweed.hu\/#website\",\"url\":\"https:\/\/dragonweed.hu\/\",\"name\":\"Dragonweed\",\"description\":\"Hangosan gondolkodva\",\"publisher\":{\"@id\":\"https:\/\/dragonweed.hu\/#organization\"},\"potentialAction\":[{\"@type\":\"SearchAction\",\"target\":{\"@type\":\"EntryPoint\",\"urlTemplate\":\"https:\/\/dragonweed.hu\/?s={search_term_string}\"},\"query-input\":{\"@type\":\"PropertyValueSpecification\",\"valueRequired\":true,\"valueName\":\"search_term_string\"}}],\"inLanguage\":\"hu\"},{\"@type\":\"Organization\",\"@id\":\"https:\/\/dragonweed.hu\/#organization\",\"name\":\"Dragonweed\",\"url\":\"https:\/\/dragonweed.hu\/\",\"logo\":{\"@type\":\"ImageObject\",\"inLanguage\":\"hu\",\"@id\":\"https:\/\/dragonweed.hu\/#\/schema\/logo\/image\/\",\"url\":\"https:\/\/dragonweed.hu\/wp-content\/uploads\/2020\/04\/dragonweed-logo.png\",\"contentUrl\":\"https:\/\/dragonweed.hu\/wp-content\/uploads\/2020\/04\/dragonweed-logo.png\",\"width\":1164,\"height\":376,\"caption\":\"Dragonweed\"},\"image\":{\"@id\":\"https:\/\/dragonweed.hu\/#\/schema\/logo\/image\/\"}}]}<\/script>\n<!-- \/ Yoast SEO plugin. -->","yoast_head_json":{"title":"Audinarchia - Dragonweed","robots":{"index":"index","follow":"follow","max-snippet":"max-snippet:-1","max-image-preview":"max-image-preview:large","max-video-preview":"max-video-preview:-1"},"canonical":"https:\/\/dragonweed.hu\/?page_id=1056","og_locale":"hu_HU","og_type":"article","og_title":"Audinarchia - Dragonweed","og_description":"J\u00f3l sejtitek, az audio \u00e9s az anarchia hibridje a c\u00edm. Mi\u00e9rt? Itt pr\u00f3b\u00e1lom majd -saj\u00e1t p\u00e9ld\u00e1immal -bemutatni hogy bizony lehet szinte fill\u00e9rekb\u0151l is elk\u00e9peszt\u0151en j\u00f3 hangot var\u00e1zsolni. Lehet sokan legyintetek erre, mert: &#8222;persze neked k\u00f6nny\u0171, ez a szakm\u00e1d, eg\u00e9sz \u00e9letedben ezt csin\u00e1ltad. &#8221; No pont ez\u00e9rt pr\u00f3b\u00e1lok seg\u00edteni, hogy nektek ne kelljen 6-7 sz\u00e1mjegy\u0171 \u00f6sszegeketRead More&nbsp;","og_url":"https:\/\/dragonweed.hu\/?page_id=1056","og_site_name":"Dragonweed","article_modified_time":"2026-01-27T12:34:49+00:00","twitter_card":"summary_large_image","twitter_misc":{"Becs\u00fclt olvas\u00e1si id\u0151":"1 perc"},"schema":{"@context":"https:\/\/schema.org","@graph":[{"@type":"WebPage","@id":"https:\/\/dragonweed.hu\/?page_id=1056","url":"https:\/\/dragonweed.hu\/?page_id=1056","name":"Audinarchia - Dragonweed","isPartOf":{"@id":"https:\/\/dragonweed.hu\/#website"},"datePublished":"2022-04-21T18:17:24+00:00","dateModified":"2026-01-27T12:34:49+00:00","breadcrumb":{"@id":"https:\/\/dragonweed.hu\/?page_id=1056#breadcrumb"},"inLanguage":"hu","potentialAction":[{"@type":"ReadAction","target":["https:\/\/dragonweed.hu\/?page_id=1056"]}]},{"@type":"BreadcrumbList","@id":"https:\/\/dragonweed.hu\/?page_id=1056#breadcrumb","itemListElement":[{"@type":"ListItem","position":1,"name":"Kezd\u0151lap","item":"https:\/\/dragonweed.hu\/"},{"@type":"ListItem","position":2,"name":"Audinarchia"}]},{"@type":"WebSite","@id":"https:\/\/dragonweed.hu\/#website","url":"https:\/\/dragonweed.hu\/","name":"Dragonweed","description":"Hangosan gondolkodva","publisher":{"@id":"https:\/\/dragonweed.hu\/#organization"},"potentialAction":[{"@type":"SearchAction","target":{"@type":"EntryPoint","urlTemplate":"https:\/\/dragonweed.hu\/?s={search_term_string}"},"query-input":{"@type":"PropertyValueSpecification","valueRequired":true,"valueName":"search_term_string"}}],"inLanguage":"hu"},{"@type":"Organization","@id":"https:\/\/dragonweed.hu\/#organization","name":"Dragonweed","url":"https:\/\/dragonweed.hu\/","logo":{"@type":"ImageObject","inLanguage":"hu","@id":"https:\/\/dragonweed.hu\/#\/schema\/logo\/image\/","url":"https:\/\/dragonweed.hu\/wp-content\/uploads\/2020\/04\/dragonweed-logo.png","contentUrl":"https:\/\/dragonweed.hu\/wp-content\/uploads\/2020\/04\/dragonweed-logo.png","width":1164,"height":376,"caption":"Dragonweed"},"image":{"@id":"https:\/\/dragonweed.hu\/#\/schema\/logo\/image\/"}}]}},"_links":{"self":[{"href":"https:\/\/dragonweed.hu\/index.php?rest_route=\/wp\/v2\/pages\/1056","targetHints":{"allow":["GET"]}}],"collection":[{"href":"https:\/\/dragonweed.hu\/index.php?rest_route=\/wp\/v2\/pages"}],"about":[{"href":"https:\/\/dragonweed.hu\/index.php?rest_route=\/wp\/v2\/types\/page"}],"author":[{"embeddable":true,"href":"https:\/\/dragonweed.hu\/index.php?rest_route=\/wp\/v2\/users\/1"}],"replies":[{"embeddable":true,"href":"https:\/\/dragonweed.hu\/index.php?rest_route=%2Fwp%2Fv2%2Fcomments&post=1056"}],"version-history":[{"count":8,"href":"https:\/\/dragonweed.hu\/index.php?rest_route=\/wp\/v2\/pages\/1056\/revisions"}],"predecessor-version":[{"id":2430,"href":"https:\/\/dragonweed.hu\/index.php?rest_route=\/wp\/v2\/pages\/1056\/revisions\/2430"}],"wp:attachment":[{"href":"https:\/\/dragonweed.hu\/index.php?rest_route=%2Fwp%2Fv2%2Fmedia&parent=1056"}],"curies":[{"name":"wp","href":"https:\/\/api.w.org\/{rel}","templated":true}]}}